{"id":3771,"date":"2018-09-06T12:08:44","date_gmt":"2018-09-06T11:08:44","guid":{"rendered":"http:\/\/wilcity.wiloke.com\/?page_id=3771"},"modified":"2024-06-28T12:24:56","modified_gmt":"2024-06-28T11:24:56","slug":"about-us","status":"publish","type":"page","link":"https:\/\/luxiocollection.com\/it\/about-us\/","title":{"rendered":"Chi Siamo"},"content":{"rendered":"<div class=\"vc_row wpb_row vc_row-fluid\"><div class=\"wpb_column vc_column_container vc_col-sm-12\"><div class=\"vc_column-inner\"><div class=\"wpb_wrapper\"><div class=\"vc_row wpb_row vc_inner vc_row-fluid\"><div class=\"wpb_column vc_column_container vc_col-sm-12\"><div class=\"vc_column-inner\"><div class=\"wpb_wrapper\">    <!-- heading_module__156eJ -->\n    <div class=\"heading_module__156eJ wil-text-center\">\n\t\t\t\t\t                <h3 class=\"heading_mask__pcO5T\">Chi Siamo<\/h3>\n\t\t\t\t\t\n\t\t            <h2 class=\"heading_title__1bzno\"\n\t\t\t    >Luxio Collection LTD<\/h2>\n\t\t\n\t\t    <\/div><!-- End \/ heading_module__156eJ -->\n\t<h1 style=\"font-size: 55px;text-align: center;font-family:Playfair Display;font-weight:400;font-style:italic\" class=\"vc_custom_heading\" >Un nuovo modo di scoprire il mondo<\/h1><div class=\"vc_separator wpb_content_element vc_separator_align_center vc_sep_width_100 vc_sep_border_width_2 vc_sep_pos_align_center vc_separator-has-text\" ><span class=\"vc_sep_holder vc_sep_holder_l\"><span  class=\"vc_sep_line\"><\/span><\/span><h4>Join. Save. Travel<\/h4><span class=\"vc_sep_holder vc_sep_holder_r\"><span  class=\"vc_sep_line\"><\/span><\/span>\n<\/div><\/div><\/div><\/div><div class=\"wpb_column vc_column_container vc_col-sm-8\"><div class=\"vc_column-inner\"><div class=\"wpb_wrapper\">\n\t<div class=\"wpb_text_column wpb_content_element  st-aboutus-content\" >\n\t\t<div class=\"wpb_wrapper\">\n\t\t\t<div class=\"brz-columns brz-css-nuriy brz-css-gstxh\" data-custom-id=\"tdcdyyjmzbdyucmhlezhotidylbimitqrwkg\">\n<div class=\"brz-column__items brz-css-yvuos brz-css-hmksl\">\n<div class=\"brz-css-rrtns brz-css-rtvff brz-wrapper\">\n<div class=\"brz-rich-text brz-css-pbttq\" data-custom-id=\"zdmczafwvyiradwvktjdtlyrwkcloylgwkcq\">\n<div class=\"page\" title=\"Page 3\">\n<div class=\"section\">\n<div class=\"layoutArea\">\n<div class=\"column\">\n<p style=\"text-align: justify;\">LXO (ex Luxio Collection) \u00e8 una societ\u00e0 britannica indipendente che nasce nel 2018 con un Core Business dedicato alle aziende e ai viaggi di grandi gruppi (gli ultimi effettuati hanno contato 1869 persone in una sola settimana e in un solo resort). Nel 2020 Luxio ha voluto fare la differenza con una piattaforma web esclusiva riservata ai suoi membri, garantendo la qualit\u00e0 dei suoi hotel e servizi testata personalmente e ascoltando diligentemente sia i suoi membri con i loro suggerimenti e reclami, sia gli albergatori; il tutto per avere una piattaforma che sia reale, onesta e proattiva.<\/p>\n<\/div>\n<\/div>\n<\/div>\n<\/div>\n<\/div>\n<\/div>\n<\/div>\n<\/div>\n\n\t\t<\/div>\n\t<\/div>\n<div class=\"vc_separator wpb_content_element vc_separator_align_center vc_sep_width_100 vc_sep_pos_align_center vc_separator_no_text\" ><span class=\"vc_sep_holder vc_sep_holder_l\"><span  style=\"border-color:#313c52;\" class=\"vc_sep_line\"><\/span><\/span><span class=\"vc_sep_holder vc_sep_holder_r\"><span  style=\"border-color:#313c52;\" class=\"vc_sep_line\"><\/span><\/span>\n<\/div><\/div><\/div><\/div><div class=\"wpb_column vc_column_container vc_col-sm-4\"><div class=\"vc_column-inner\"><div class=\"wpb_wrapper\">\n\t<div  class=\"wpb_single_image wpb_content_element vc_align_center\">\n\t\t\n\t\t<figure class=\"wpb_wrapper vc_figure\">\n\t\t\t<div class=\"vc_single_image-wrapper   vc_box_border_grey\"><img loading=\"lazy\" decoding=\"async\" width=\"150\" height=\"150\" src=\"https:\/\/luxiocollection.com\/wp-content\/uploads\/2023\/05\/monogram-collection-150x150.png\" class=\"vc_single_image-img attachment-thumbnail\" alt=\"\" srcset=\"https:\/\/luxiocollection.com\/wp-content\/uploads\/2023\/05\/monogram-collection-150x150.png 150w, https:\/\/luxiocollection.com\/wp-content\/uploads\/2023\/05\/monogram-collection-300x300.png 300w, https:\/\/luxiocollection.com\/wp-content\/uploads\/2023\/05\/monogram-collection-100x100.png 100w, https:\/\/luxiocollection.com\/wp-content\/uploads\/2023\/05\/monogram-collection-600x604.png 600w, https:\/\/luxiocollection.com\/wp-content\/uploads\/2023\/05\/monogram-collection-298x300.png 298w, https:\/\/luxiocollection.com\/wp-content\/uploads\/2023\/05\/monogram-collection-768x773.png 768w, https:\/\/luxiocollection.com\/wp-content\/uploads\/2023\/05\/monogram-collection.png 947w\" sizes=\"auto, (max-width: 150px) 100vw, 150px\" \/><\/div>\n\t\t<\/figure>\n\t<\/div>\n<div class=\"vc_btn3-container vc_btn3-center\" ><a class=\"vc_general vc_btn3 vc_btn3-size-md vc_btn3-shape-square vc_btn3-style-modern vc_btn3-icon-left vc_btn3-color-primary\" href=\"https:\/\/luxiocollection.com\/it\/subscription\/\" title=\"\"><i class=\"vc_btn3-icon fas fa-arrow-right\"><\/i> Join Now<\/a><\/div><\/div><\/div><\/div><div class=\"wpb_column vc_column_container vc_col-sm-12\"><div class=\"vc_column-inner\"><div class=\"wpb_wrapper\"><h2 style=\"font-size: 55px;text-align: center;font-family:Playfair Display;font-weight:400;font-style:italic\" class=\"vc_custom_heading\" >Vantaggi reali per veri viaggiatori<\/h2><div class=\"vc_separator wpb_content_element vc_separator_align_center vc_sep_width_100 vc_sep_border_width_2 vc_sep_pos_align_center vc_separator-has-text\" ><span class=\"vc_sep_holder vc_sep_holder_l\"><span  class=\"vc_sep_line\"><\/span><\/span><h4>Molto pi\u00f9 di un semplice booking!<\/h4><span class=\"vc_sep_holder vc_sep_holder_r\"><span  class=\"vc_sep_line\"><\/span><\/span>\n<\/div><\/div><\/div><\/div><div class=\"wpb_column vc_column_container vc_col-sm-4\"><div class=\"vc_column-inner\"><div class=\"wpb_wrapper\">\n\t<div  class=\"wpb_single_image wpb_content_element vc_align_center\">\n\t\t\n\t\t<figure class=\"wpb_wrapper vc_figure\">\n\t\t\t<div class=\"vc_single_image-wrapper   vc_box_border_grey\"><img loading=\"lazy\" decoding=\"async\" width=\"289\" height=\"194\" src=\"https:\/\/luxiocollection.com\/wp-content\/uploads\/2023\/05\/img_signupmodal.jpeg\" class=\"vc_single_image-img attachment-full\" alt=\"\" \/><\/div>\n\t\t<\/figure>\n\t<\/div>\n<div class=\"vc_btn3-container vc_btn3-center\" ><a class=\"vc_general vc_btn3 vc_btn3-size-md vc_btn3-shape-square vc_btn3-style-modern vc_btn3-icon-left vc_btn3-color-primary\" href=\"https:\/\/luxiocollection.com\/it\/subscription\/\" title=\"\"><i class=\"vc_btn3-icon fas fa-arrow-right\"><\/i> Join Now<\/a><\/div><\/div><\/div><\/div><div class=\"wpb_column vc_column_container vc_col-sm-8\"><div class=\"vc_column-inner\"><div class=\"wpb_wrapper\"><h2 style=\"font-size: 30px;text-align: left;font-family:Playfair Display;font-weight:400;font-style:normal\" class=\"vc_custom_heading\" >Diventa socio, sii intelligente!<\/h2>\n\t<div class=\"wpb_text_column wpb_content_element  st-aboutus-content\" >\n\t\t<div class=\"wpb_wrapper\">\n\t\t\t<div class=\"brz-columns brz-css-nuriy brz-css-gstxh\" data-custom-id=\"tdcdyyjmzbdyucmhlezhotidylbimitqrwkg\">\n<div class=\"brz-column__items brz-css-yvuos brz-css-hmksl\">\n<div class=\"brz-css-rrtns brz-css-rtvff brz-wrapper\">\n<div class=\"brz-rich-text brz-css-pbttq\" data-custom-id=\"zdmczafwvyiradwvktjdtlyrwkcloylgwkcq\">\n<div class=\"page\" title=\"Page 3\">\n<div class=\"section\">\n<div class=\"layoutArea\">\n<div class=\"column\">\n<div class=\"page\" title=\"Page 3\">\n<div class=\"section\">\n<div class=\"layoutArea\">\n<div class=\"column\">\n<p style=\"text-align: justify;\">Il programma membership \u201cLuxio Collection\u201d \u00e8 una piattaforma assolutamente unica nel suo genere. Come operatore turistico da 12 anni nel mercato internazionale, abbiamo voluto creare questa piattaforma per offrire ai nostri \u201cviaggiatori\u201d, hotel e tour a prezzi imbattibili, eliminando tutti i costi eccessivi che inevitabilmente ricadono sul cliente e talvolta anche sulla struttura , al fine di incentivare i clienti a viaggiare di pi\u00f9, ottenendo costi di viaggio molto inferiori a parit\u00e0 di qualit\u00e0 del servizio.<\/p>\n<p style=\"text-align: justify;\">Nel dettaglio ecco cosa significa per il cliente essere socio:<br \/>\n\u2013 Tariffe reali per hotel\/resort (senza costi aggiuntivi) attraverso i nostri partner in 19 paesi (in crescita);<br \/>\n\u2013 Servizi On Demand a destinazione gestiti dai nostri Business Partner;<br \/>\n\u2013 Benefici di viaggio quali ristoranti, bar, discoteche, negozi, servizi alla persona, escursioni, tour, eventi (ecc\u2026) di cui il socio potr\u00e0 fruire a destinazione;<br \/>\n\u2013 Eventi speciali su base trimestrale nelle nostre destinazioni per espandere la nostra community.<\/p>\n<\/div>\n<\/div>\n<\/div>\n<\/div>\n<\/div>\n<\/div>\n<\/div>\n<\/div>\n<\/div>\n<\/div>\n<\/div>\n<\/div>\n\n\t\t<\/div>\n\t<\/div>\n<div class=\"vc_separator wpb_content_element vc_separator_align_center vc_sep_width_100 vc_sep_pos_align_center vc_separator_no_text\" ><span class=\"vc_sep_holder vc_sep_holder_l\"><span  style=\"border-color:#313c52;\" class=\"vc_sep_line\"><\/span><\/span><span class=\"vc_sep_holder vc_sep_holder_r\"><span  style=\"border-color:#313c52;\" class=\"vc_sep_line\"><\/span><\/span>\n<\/div><\/div><\/div><\/div><\/div><\/div><\/div><\/div><\/div>","protected":false},"excerpt":{"rendered":"About Us Luxio Collection LTD A new way to discover the worldJoin. Save. Travel LXO (formerly Luxio Collection) is an independent British company that was founded in 2018 with a Core Business dedicated to companies and large group travel (the last carried out counted 1869 people in a single week and in a single resort). [...]","protected":false},"author":1,"featured_media":17504,"parent":0,"menu_order":0,"comment_status":"closed","ping_status":"closed","template":"templates\/page-builder.php","meta":{"_monsterinsights_skip_tracking":false,"_monsterinsights_sitenote_active":false,"_monsterinsights_sitenote_note":"","_monsterinsights_sitenote_category":0,"footnotes":""},"class_list":["post-3771","page","type-page","status-publish","has-post-thumbnail","hentry"],"aioseo_notices":[],"_links":{"self":[{"href":"https:\/\/luxiocollection.com\/it\/wp-json\/wp\/v2\/pages\/3771","targetHints":{"allow":["GET"]}}],"collection":[{"href":"https:\/\/luxiocollection.com\/it\/wp-json\/wp\/v2\/pages"}],"about":[{"href":"https:\/\/luxiocollection.com\/it\/wp-json\/wp\/v2\/types\/page"}],"author":[{"embeddable":true,"href":"https:\/\/luxiocollection.com\/it\/wp-json\/wp\/v2\/users\/1"}],"replies":[{"embeddable":true,"href":"https:\/\/luxiocollection.com\/it\/wp-json\/wp\/v2\/comments?post=3771"}],"version-history":[{"count":6,"href":"https:\/\/luxiocollection.com\/it\/wp-json\/wp\/v2\/pages\/3771\/revisions"}],"predecessor-version":[{"id":18679,"href":"https:\/\/luxiocollection.com\/it\/wp-json\/wp\/v2\/pages\/3771\/revisions\/18679"}],"wp:featuredmedia":[{"embeddable":true,"href":"https:\/\/luxiocollection.com\/it\/wp-json\/wp\/v2\/media\/17504"}],"wp:attachment":[{"href":"https:\/\/luxiocollection.com\/it\/wp-json\/wp\/v2\/media?parent=3771"}],"curies":[{"name":"wp","href":"https:\/\/api.w.org\/{rel}","templated":true}]}}