{"id":15959,"date":"2023-05-31T22:15:36","date_gmt":"2023-05-31T21:15:36","guid":{"rendered":"https:\/\/mindinmotion.luxioholdings.com\/?page_id=15959"},"modified":"2023-06-22T15:45:28","modified_gmt":"2023-06-22T14:45:28","slug":"membership-rules","status":"publish","type":"page","link":"https:\/\/luxiocollection.com\/it\/membership-rules\/","title":{"rendered":"Regolamento Soci"},"content":{"rendered":"<div class=\"vc_row wpb_row vc_row-fluid vc_custom_1685567734101 vc_row-has-fill\"><div class=\"wpb_column vc_column_container vc_col-sm-12\"><div class=\"vc_column-inner\"><div class=\"wpb_wrapper\"><h2 style=\"font-size: 40px;text-align: center;font-family:Playfair Display;font-weight:400;font-style:italic\" class=\"vc_custom_heading\" >Memberships Rules<\/h2>\n\t<div class=\"wpb_text_column wpb_content_element\" >\n\t\t<div class=\"wpb_wrapper\">\n\t\t\t<h6><strong>1- Regole generali<\/strong><\/h6>\n<ol style=\"list-style-type: upper-alpha;\">\n<li>I soci hanno accesso a tutti i prezzi\/tariffe speciali, condizioni e vantaggi sul sito Web Luxio Collection;<\/li>\n<li>L'iscrizione \u00e8 disponibile per tutti gli individui qualificati di et\u00e0 pari o superiore a 18 anni;<\/li>\n<li>I soci sono tenuti a mostrare la propria iscrizione in qualsiasi momento quando richiesto da uno dei nostri agenti\/partner;<\/li>\n<li>Le tessere associative non sono trasferibili e possono essere utilizzate solo dai titolari nominati;<\/li>\n<li>Il socio promette di non condurre affari o attivit\u00e0 fraudolente;<\/li>\n<li>Tutti i Soci devono essere etici e responsabili nel trattare con l'immagine pubblica di Luxio Collection e dei suoi partner;<\/li>\n<li>Ci aspettiamo che i soci non abusino dei vantaggi del programma;<\/li>\n<li>Gli eventi non sono rimborsabili e nemmeno le date prenotate, ma puoi scambiare i tuoi biglietti con altri soci (cambio nome).<\/li>\n<li>Luxio Collection si riserva il diritto di intraprendere azioni contro i Soci che non rispettano il proprio codice di condotta.<\/li>\n<\/ol>\n\n\t\t<\/div>\n\t<\/div>\n\n\t<div class=\"wpb_text_column wpb_content_element\" >\n\t\t<div class=\"wpb_wrapper\">\n\t\t\t<h6><strong>2- Carte e Costi<\/strong><\/h6>\n<ol style=\"list-style-type: upper-alpha;\">\n<li><span style=\"font-size: 10pt;\">La quota associativa \u00e8 valida per un anno, dalla data di iscrizione ed \u00e8 inclusa di tutte le tasse;<\/span><\/li>\n<li><span style=\"font-size: 10pt;\">La carta Classic \u00e8 valida solo per 1 viaggiatore adulto (+18 anni);<\/span><\/li>\n<li><span style=\"font-size: 10pt;\">La carta Premium \u00e8 valida solo per 2 viaggiatori adulti (+18 anni). Il titolare della carta pu\u00f2 scegliere in ogni momento il proprio accompagnatore;<\/span><\/li>\n<li><span style=\"font-size: 10pt;\">Tutti gli adulti, prima della prenotazione, devono essere Soci;<\/span><\/li>\n<li><span style=\"font-size: 10pt;\">Il socio principale \u00e8 responsabile delle prenotazioni effettuate per eventuali ospiti aggiuntivi. Nel caso in cui gli ospiti non siano iscritti al programma, verr\u00e0 applicato un sovrapprezzo per l'abbonamento extra (Iscrizione Classic per ogni ospite extra);<\/span><\/li>\n<li><span style=\"font-size: 10pt;\">Il rinnovo deve essere completato per tutti i titolari della carta il giorno della scadenza (il periodo di attesa \u00e8 di tre giorni);<\/span><\/li>\n<li><span style=\"font-size: 10pt;\">Se la tua precedente iscrizione \u00e8 scaduta, non riceverai pi\u00f9 i vantaggi del programma finch\u00e9 non sar\u00e0 stato effettuato il pagamento completo.<\/span><\/li>\n<\/ol>\n\n\t\t<\/div>\n\t<\/div>\n<div class=\"vc_btn3-container vc_btn3-center\" ><a class=\"vc_general vc_btn3 vc_btn3-size-md vc_btn3-shape-rounded vc_btn3-style-modern vc_btn3-color-juicy-pink\" href=\"https:\/\/luxiocollection.com\/it\/subscription\/\" title=\"Diventa Socio\">Diventa Socio<\/a><\/div><\/div><\/div><\/div><\/div>","protected":false},"excerpt":{"rendered":"Memberships Rules 1- General Rules Members have access to all special prices\/rates, conditions and advantages at Luxio Collection Website; Membership is available to all qualifying individuals 18 years of age and over; Members are required to show their membership at anytime when asked from one of our agent\/partner; Membership Cards are non-transferrable and can only [...]","protected":false},"author":1,"featured_media":0,"parent":0,"menu_order":0,"comment_status":"closed","ping_status":"closed","template":"templates\/page-builder.php","meta":{"_monsterinsights_skip_tracking":false,"_monsterinsights_sitenote_active":false,"_monsterinsights_sitenote_note":"","_monsterinsights_sitenote_category":0,"footnotes":""},"class_list":["post-15959","page","type-page","status-publish","hentry"],"aioseo_notices":[],"_links":{"self":[{"href":"https:\/\/luxiocollection.com\/it\/wp-json\/wp\/v2\/pages\/15959","targetHints":{"allow":["GET"]}}],"collection":[{"href":"https:\/\/luxiocollection.com\/it\/wp-json\/wp\/v2\/pages"}],"about":[{"href":"https:\/\/luxiocollection.com\/it\/wp-json\/wp\/v2\/types\/page"}],"author":[{"embeddable":true,"href":"https:\/\/luxiocollection.com\/it\/wp-json\/wp\/v2\/users\/1"}],"replies":[{"embeddable":true,"href":"https:\/\/luxiocollection.com\/it\/wp-json\/wp\/v2\/comments?post=15959"}],"version-history":[{"count":9,"href":"https:\/\/luxiocollection.com\/it\/wp-json\/wp\/v2\/pages\/15959\/revisions"}],"predecessor-version":[{"id":17212,"href":"https:\/\/luxiocollection.com\/it\/wp-json\/wp\/v2\/pages\/15959\/revisions\/17212"}],"wp:attachment":[{"href":"https:\/\/luxiocollection.com\/it\/wp-json\/wp\/v2\/media?parent=15959"}],"curies":[{"name":"wp","href":"https:\/\/api.w.org\/{rel}","templated":true}]}}